{"id":61,"date":"2025-12-02T12:20:20","date_gmt":"2025-12-02T10:20:20","guid":{"rendered":"https:\/\/brikers.lt\/?page_id=61"},"modified":"2026-03-31T11:25:52","modified_gmt":"2026-03-31T08:25:52","slug":"privatuma-politika","status":"publish","type":"page","link":"https:\/\/brikers.lt\/lv\/privatuma-politika\/","title":{"rendered":"Priv\u0101tuma politika"},"content":{"rendered":"<p>SIA \u201cBRIKERS LATVIJA\u201d<\/p>\n<p>PRIV\u0100TUMA POLITIKA<\/p>\n<p>Sp\u0113k\u0101 no 2018.gada 1. oktobris.<\/p>\n<p>Priv\u0101tuma politik\u0101, turpm\u0101k  \u2013 Politika, ir aprakst\u012bta k\u0101rt\u012bba, k\u0101d\u0101 SIA \u201cBRIKERS LATVIJA\u201d apstr\u0101d\u0101 personas datus.<\/p>\n<p>Politika ir piem\u0113rojama attiec\u012bb\u0101 uz SIA \u201cBRIKERS LATVIJA\u201d sadarb\u012bbas partneriem (fizisk\u0101m person\u0101m) un sadarb\u012bbas partneru (fizisko un juridisko personu) kontaktperson\u0101m, tai skait\u0101 attiec\u012bb\u0101s ar sadarb\u012bbas partneriem, kas nodibin\u0101tas pirms \u0161\u012bs Politikas sp\u0113k\u0101 st\u0101\u0161an\u0101s.<\/p>\n<p>Defin\u012bcijas<br \/>\nSadarb\u012bbas partneris ir jebkura fiziska vai juridiska persona, kura izmanto vai ir izteikusi v\u0113l\u0113\u0161anos izmantot jebkurus SIA \u201cBRIKERS LATVIJA\u201d  pakalpojumus.<\/p>\n<p>Personas dati ir jebkura ar Sadarb\u012bbas partneri (fizisko personu) tie\u0161i vai netie\u0161i saist\u012bta inform\u0101cija, k\u0101 ar\u012b inform\u0101cija par Sadarb\u012bbas partnera (fizisk\u0101s un juridisk\u0101s personas) kontaktperson\u0101m (darbiniekiem un\/vai pilnvarotaj\u0101m person\u0101m).<\/p>\n<p>Apstr\u0101de ir jebkura ar Personas datiem veikta darb\u012bba.<\/p>\n<p>Personas datu apstr\u0101des p\u0101rzinis<br \/>\nPersonas datu apstr\u0101des p\u0101rzinis ir SIA \u201cBRIKERS LATVIJA\u201d, re\u0123.Nr. 40003906041, juridisk\u0101 adrese Gran\u012bta iela 13, R\u012bga, LV-1057 t\u0101lrunis 67134907 (turpm\u0101k \u2013 BRIKERS LATVIJA un\/vai Pakalpojumu sniedz\u0113js), www.brikers.lv.<\/p>\n<p>Piem\u0113rojamie ties\u012bbu akti<br \/>\nEiropas Parlamenta un padomes Regula Nr.2016\/679 (2016. gada 27.apr\u012blis) par fizisku personu aizsardz\u012bbu attiec\u012bb\u0101 uz personas datu apstr\u0101di un \u0161\u0101du datu br\u012bvu apriti) (turpm\u0101k \u2013 Visp\u0101r\u012bg\u0101 datu aizsardz\u012bbas regula).<br \/>\nFizisko personu datu apstr\u0101des likums.<br \/>\nCiti normat\u012bvie akti, kas nosaka P\u0101rzi\u0146a pien\u0101kumus veikt konkr\u0113tas darb\u012bbas ar personas datiem.<\/p>\n<p>BRIKERS LATVIJA priv\u0101tuma politika<br \/>\nPriv\u0101tuma politika sniedz inform\u0101ciju par to, k\u0101 BRIKERS LATVIJA v\u0101c, apstr\u0101d\u0101, glab\u0101, kop\u012bgo, dz\u0113\u0161 un aizsarg\u0101 Personas datus, t\u0101d\u0113j\u0101di nodro\u0161inot, ka Personas dati tiek apstr\u0101d\u0101ti likum\u012bgi, godpr\u0101t\u012bgi un p\u0101rredzam\u0101 veid\u0101. Politika attiecin\u0101ma uz jebkuru fiziskas personas datu apstr\u0101di.<br \/>\nBRIKERS LATVIJA apstr\u0101d\u0101 no pakalpojumu snieg\u0161anas apkopotus datus, lai nodro\u0161in\u0101tu l\u012bgumsaist\u012bbu izpildi starp Personas datu apstr\u0101des p\u0101rzini un Sadarb\u012bbas partneri, k\u0101 ar\u012b Personas datu apstr\u0101des p\u0101rzi\u0146a le\u0123it\u012bm\u0101s interes\u0113s, piem\u0113ram, Sadarb\u012bbas partneru uzskaites kontu izveide un p\u0101rvald\u012bba.<\/p>\n<p>Personas datu kategorijas<br \/>\nPersonas dati tiek v\u0101kti no Sadarb\u012bbas partnera un no \u0101r\u0113jiem avotiem, piem\u0113ram, publiskajiem un priv\u0101tajiem re\u0123istriem vai tre\u0161aj\u0101m pus\u0113m. Personas datu kategorijas, kuras BRIKERS LATVIJA liel\u0101koties, bet ne tikai, v\u0101c un apstr\u0101d\u0101, ir:<\/p>\n<p>identifik\u0101cijas dati, piem\u0113ram, v\u0101rds, uzv\u0101rds, personas kods, personu apliecino\u0161\u0101 dokumenta dati;<\/p>\n<p>kontaktinform\u0101cija, piem\u0113ram, adrese, t\u0101lru\u0146a numurs, elektronisk\u0101 pasta adrese.<\/p>\n<p>Personas datu apstr\u0101des nol\u016bks\/m\u0113r\u0137is un tiesiskais pamats<br \/>\nIev\u0113rojot Visp\u0101r\u012bg\u0101s datu aizsardz\u012bbas regulas 6.panta 1.punkta b) apak\u0161punktu, personas dati tiek apstr\u0101d\u0101ti l\u012bguma nosl\u0113g\u0161anai un izpildei \u2013 lai BRIKERS LATVIJA var\u0113tu nodro\u0161in\u0101t pakalpojumu snieg\u0161anu.<br \/>\nIev\u0113rojot Visp\u0101r\u012bg\u0101s datu aizsardz\u012bbas regulas 6.panta 1.punkta c) apak\u0161punktu, personas dati tiek apstr\u0101d\u0101ti BRIKERS LATVIJA juridisko pien\u0101kumu izpildei \u2013 BRIKERS LATVIJA ir ties\u012bga apstr\u0101d\u0101t personas datus, lai izpild\u012btu normat\u012bvo aktu pras\u012bbas, k\u0101 ar\u012b sniegtu atbildes uz valsts un pa\u0161vald\u012bbas likum\u012bgiem piepras\u012bjumiem.<br \/>\nIev\u0113rojot Visp\u0101r\u012bg\u0101s datu aizsardz\u012bbas regulas 6.panta 1.punkta f) apak\u0161punktu, personas dati tiek apstr\u0101d\u0101ti BRIKERS LATVIJA le\u0123it\u012bm\u0101s interes\u0113s \u2013 iev\u0113rojot BRIKERS LATVIJA intereses, kuru pamat\u0101 ir kvalitat\u012bva pakalpojuma un savlaic\u012bga atbalsta snieg\u0161ana Sadarb\u012bbas partnerim.<br \/>\nIesp\u0113jamie datu sa\u0146\u0113m\u0113ji<br \/>\nBRIKERS LATVIJA neizpau\u017e tre\u0161aj\u0101m person\u0101m Personas datus vai jebk\u0101du ar pakalpojuma snieg\u0161anu vai l\u012bguma darb\u012bbas laik\u0101 ieg\u016btu inform\u0101ciju, iz\u0146emot:<br \/>\nja attiec\u012bgajai tre\u0161ajai personai dati j\u0101nodod nosl\u0113gt\u0101 l\u012bguma ietvaros, lai veiktu k\u0101du l\u012bguma izpildei nepiecie\u0161amu vai ar likumu dele\u0123\u0113tu funkciju (piem\u0113ram, bankai nor\u0113\u0137inu ietvaros);<br \/>\nsaska\u0146\u0101 ar Sadarb\u012bbas partnera vai Sadarb\u012bbas partnera kontaktpersonas skaidru un nep\u0101rprotamu piekri\u0161anu;<br \/>\n\u0101r\u0113jos normat\u012bvajos aktos paredz\u0113taj\u0101m person\u0101m p\u0113c vi\u0146u pamatota piepras\u012bjuma normat\u012bvajos aktos noteiktaj\u0101 k\u0101rt\u012bb\u0101 un apjom\u0101;<br \/>\n\u0101r\u0113jos normat\u012bvajos aktos noteiktos gad\u012bjumos BRIKERS LATVIJA likum\u012bgo intere\u0161u aizsardz\u012bbai, piem\u0113ram, v\u0113r\u0161oties ties\u0101 vai cit\u0101s valsts instit\u016bcij\u0101s pret personu, kura ir aizsk\u0101rusi BRIKERS LATVIJA likum\u012bg\u0101s intereses.<\/p>\n<p>Sadarb\u012bbas partnera vai t\u0101 kontaktpersonas k\u0101 datu subjekta ties\u012bbas<br \/>\nTies\u012bbas uz inform\u0101ciju, proti, ties\u012bbas sa\u0146emt inform\u0101ciju par to, vai Pakalpojumu sniedz\u0113js apstr\u0101d\u0101 Personas datus un, ja apstr\u0101d\u0101, tad sa\u0146emt inform\u0101ciju par saviem Personas datiem, kas tiek apstr\u0101d\u0101ti un k\u0101p\u0113c tie tiek apstr\u0101d\u0101ti.<br \/>\nTies\u012bbas piek\u013c\u016bt saviem datiem, proti, ties\u012bbas piepras\u012bt piek\u013cuvi saviem Personas datiem un sa\u0146emt savus Personas datus, kas iesniegti Pakalpojumu sniedz\u0113jam un kas tiek apstr\u0101d\u0101ti rakstisk\u0101 form\u0101 vai k\u0101d\u0101 no bie\u017e\u0101k izmantotajiem elektroniskajiem form\u0101tiem.<br \/>\nTies\u012bbas labot datus, proti, ties\u012bbas piepras\u012bt savu Personas datu izlabo\u0161anu, ja tie ir neatbilsto\u0161i, nepiln\u012bgi vai nepareizi.<br \/>\nTies\u012bbas dz\u0113st datus, proti, ties\u012bbas pras\u012bt savu Personas datu dz\u0113\u0161anu, piem\u0113ram, ja Personas dati vairs nav vajadz\u012bgi nol\u016bkam, kam tie tika v\u0101kti, vai Personas dati apstr\u0101d\u0101ti nelikum\u012bgi.<br \/>\nTies\u012bbas ierobe\u017eot apstr\u0101di, proti, ties\u012bbas ierobe\u017eot savu Personas datu apstr\u0101di saska\u0146\u0101 ar piem\u0113rojamajiem normat\u012bvajiem aktiem, piem\u0113ram, laik\u0101, kad Pakalpojumu sniedz\u0113js izv\u0113rt\u0113, vai ir ties\u012bbas uz Personas datu dz\u0113\u0161anu.<br \/>\nTies\u012bbas uz datu p\u0101rnesam\u012bbu, proti, ties\u012bbas sa\u0146emt savus Personas datus, kuri iesniegti Pakalpojumu sniedz\u0113jam struktur\u0113t\u0101, pla\u0161i izmantot\u0101 un ma\u0161\u012bnlas\u0101m\u0101 form\u0101t\u0101, un tos p\u0101rs\u016bt\u012bt citam Pakalpojumu sniedz\u0113jam.<br \/>\nTies\u012bbas iebilst pret datu apstr\u0101di, proti, ties\u012bbas iebilst pret savu Personas datu apstr\u0101di, kas tiek veikta Pakalpojumu sniedz\u0113ja le\u0123it\u012bm\u0101s interes\u0113s.<br \/>\nTies\u012bbas iesniegt s\u016bdz\u012bbas par Personas datu apstr\u0101di Datu valsts inspekcijai (www.dvi.gov.lv), ja Personas datu apstr\u0101de p\u0101rk\u0101pj personas ties\u012bbas un intereses saska\u0146\u0101 ar piem\u0113rojamajiem normat\u012bvajiem aktiem.<\/p>\n<p>Sadarb\u012bbas partnera vai t\u0101 kontaktpersonas k\u0101 datu subjekta pien\u0101kumi<br \/>\nDatu subjekts ir atbild\u012bgs par patiesu, sp\u0113k\u0101 eso\u0161u un piln\u012bgu datu nodro\u0161in\u0101\u0161anu gan sl\u0113dzot l\u012bgumu (pas\u016btot pakalpojumu), gan l\u012bguma izpildes laik\u0101 (pakalpojuma snieg\u0161anas laik\u0101).<br \/>\nDatu subjektam personas datu izmai\u0146u gad\u012bjum\u0101 ir pien\u0101kums nekav\u0113joties par to inform\u0113t BRIKERS LATVIJA, nos\u016btot rakstisku inform\u0101ciju uz \u0161o noteikumu 12.punkt\u0101 min\u0113to elektronisko pasta adresi vai uz BRIKERS LATVIJA juridisko adresi.<\/p>\n<p>Datu apstr\u0101des \u0123eogr\u0101fisk\u0101 teritorija.<br \/>\nPersonas dati tiks apstr\u0101d\u0101ti Eiropas Savien\u012bb\u0101\/ Eiropas Ekonomiskaj\u0101 zon\u0101.<\/p>\n<p>Datu glab\u0101\u0161anas ilgums<br \/>\nPersonas dati tiks apstr\u0101d\u0101ti tikai tik ilgi, cik tas ir nepiecie\u0161ams apstr\u0101des m\u0113r\u0137a sasnieg\u0161anai. Glab\u0101\u0161anas periods var b\u016bt pamatots ar nosl\u0113gto l\u012bgumu ar Sadarb\u012bbas partneri (p\u0113c attiec\u012bbu starp BRIKERS LATVIJA un Sadarb\u012bbas partneri vai p\u0113c tam, kad BRIKERS LATVIJA tiek inform\u0113ta, ka datu subjekts vairs nav Sadarb\u012bbas partnera kontaktpersona, personas dati tiek dz\u0113sti, ja to saglab\u0101\u0161ana nav nepiecie\u0161ama cita apstr\u0101des m\u0113r\u0137a sasnieg\u0161anai, BRIKERS LATVIJA le\u0123it\u012bmaj\u0101m interes\u0113m vai piem\u0113rojamo normat\u012bvo aktu pras\u012bbu izpildei (piem\u0113ram, likumiem par gr\u0101matved\u012bbu, noziedz\u012bgi ieg\u016btu l\u012bdzek\u013cu legaliz\u0113\u0161anas nov\u0113r\u0161anu, komerclikuma, civilprocesa un civillikuma u.tml.).<\/p>\n<p>Par s\u012bkdat\u0146u izmanto\u0161anu<br \/>\nBRIKERS LATVIJA piln\u012bb\u0101 respekt\u0113 m\u0101jas lapas apmekl\u0113t\u0101ju ties\u012bbas uz priv\u0101tumu un bez skaidri izteiktas piekri\u0161anas nek\u0101du person\u012bgo inform\u0101ciju par tiem \u0161aj\u0101 Web lap\u0101 neiev\u0101ks.<\/p>\n<p>M\u016bsu interneta vietne www.brikers.lv izmanto s\u012bkdatnes, lai uzlabotu pied\u0101v\u0101to pakalpojumu kvalit\u0101ti.<\/p>\n<p>S\u012bkdatnes (cookies) ir t\u012bmek\u013ca servera nos\u016bt\u012bta neliela teksta virkne klientam (parasti t\u012bmek\u013ca p\u0101rl\u016bkprogrammai), kura tiek saglab\u0101ta lietot\u0101ja dator\u0101 k\u0101 neliels fails. S\u012bkdatnes atvieglo m\u0101jas lapas izmanto\u0161anu, s\u012bkdat\u0146u izmanto\u0161anu ir iesp\u0113jams atsl\u0113gt, tom\u0113r tas nav ieteicams, jo tas var samazin\u0101t vietnes izmanto\u0161anas iesp\u0113jas. Izmantojot s\u012bkdatnes, netiek iev\u0101kta jebk\u0101da inform\u0101cija par jums. Vair\u0101k inform\u0101cijas par to, k\u0101 darbojas s\u012bkdatnes, ir pieejams interneta vietn\u0113 www.cookiecentral.com.<\/p>\n<p>Kontaktinform\u0101cija<br \/>\nSIA BRIKERS LATVIJA jaut\u0101jumos par personas datu aizsardz\u012bbu, taj\u0101 skait\u0101 piekri\u0161anas atsauk\u0161anu, piepras\u012bjumiem, datu subjekta ties\u012bbu izmanto\u0161anu un s\u016bdz\u012bb\u0101m par personas datu apstr\u0101di.<\/p>\n<p>Brikers Latvija atbild\u012bg\u0101s personas jaut\u0101jumos par personas datu aizsardz\u012bbu kontaktinform\u0101cija t\u0101lrunis 67134907 e-pasts &#105;&#110;&#x66;o&#64;&#x62;&#x72;i&#107;&#x65;&#x72;s&#46;&#x6c;&#x76;, Katlakalna iela 9, R\u012bga, LV-1073.<\/p>\n<p>SIA \u201eBRIKERS LATVIJA\u201d<\/p>\n<p>valdes priek\u0161s\u0113d\u0113t\u0101js Eduards C\u012brulis<\/p>\n<div class=\"disable_cm_wrap\" ><input type=\"hidden\" class=\"disable_cm\" \/><\/div>\n","protected":false},"excerpt":{"rendered":"<p>SIA \u201cBRIKERS LATVIJA\u201d PRIV\u0100TUMA POLITIKA Sp\u0113k\u0101 no 2018.gada 1. oktobris. Priv\u0101tuma politik\u0101, turpm\u0101k \u2013 Politika, ir aprakst\u012bta k\u0101rt\u012bba, k\u0101d\u0101 SIA \u201cBRIKERS LATVIJA\u201d apstr\u0101d\u0101 personas datus. Politika ir piem\u0113rojama attiec\u012bb\u0101 uz SIA \u201cBRIKERS LATVIJA\u201d sadarb\u012bbas partneriem (fizisk\u0101m person\u0101m) un sadarb\u012bbas partneru (fizisko un juridisko personu) kontaktperson\u0101m, tai skait\u0101 attiec\u012bb\u0101s ar sadarb\u012bbas partneriem, kas nodibin\u0101tas pirms \u0161\u012bs [&hellip;]<\/p>\n","protected":false},"author":1,"featured_media":0,"parent":0,"menu_order":0,"comment_status":"closed","ping_status":"closed","template":"","meta":{"_acf_changed":false,"footnotes":""},"class_list":["post-61","page","type-page","status-publish","hentry"],"acf":[],"_links":{"self":[{"href":"https:\/\/brikers.lt\/lv\/wp-json\/wp\/v2\/pages\/61","targetHints":{"allow":["GET"]}}],"collection":[{"href":"https:\/\/brikers.lt\/lv\/wp-json\/wp\/v2\/pages"}],"about":[{"href":"https:\/\/brikers.lt\/lv\/wp-json\/wp\/v2\/types\/page"}],"author":[{"embeddable":true,"href":"https:\/\/brikers.lt\/lv\/wp-json\/wp\/v2\/users\/1"}],"replies":[{"embeddable":true,"href":"https:\/\/brikers.lt\/lv\/wp-json\/wp\/v2\/comments?post=61"}],"version-history":[{"count":6,"href":"https:\/\/brikers.lt\/lv\/wp-json\/wp\/v2\/pages\/61\/revisions"}],"predecessor-version":[{"id":2898,"href":"https:\/\/brikers.lt\/lv\/wp-json\/wp\/v2\/pages\/61\/revisions\/2898"}],"wp:attachment":[{"href":"https:\/\/brikers.lt\/lv\/wp-json\/wp\/v2\/media?parent=61"}],"curies":[{"name":"wp","href":"https:\/\/api.w.org\/{rel}","templated":true}]}}